{"id":4221,"date":"2023-02-16T18:51:12","date_gmt":"2023-02-16T18:51:12","guid":{"rendered":"http:\/\/ours.pt\/about-us\/"},"modified":"2026-04-17T11:17:33","modified_gmt":"2026-04-17T11:17:33","slug":"team","status":"publish","type":"page","link":"https:\/\/ours.pt\/pt-pt\/team\/","title":{"rendered":"Team"},"content":{"rendered":"","protected":false},"excerpt":{"rendered":"","protected":false},"author":4,"featured_media":0,"parent":0,"menu_order":7,"comment_status":"closed","ping_status":"closed","template":"100-width.php","meta":{"_acf_changed":false,"_seopress_robots_primary_cat":"","_seopress_titles_title":"OURS TEAM \u2013 Quem somos","_seopress_titles_desc":"Uma equipa creativa de uma ag\u00eancia de design e comunica\u00e7\u00e3o em Aveiro que procura solu\u00e7\u00f5es de comunica\u00e7\u00e3o eficientes e eficazes de proximidade ao cliente - OURS","_seopress_robots_index":"","inline_featured_image":false,"footnotes":""},"class_list":["post-4221","page","type-page","status-publish","hentry"],"acf":[],"_links":{"self":[{"href":"https:\/\/ours.pt\/pt-pt\/wp-json\/wp\/v2\/pages\/4221","targetHints":{"allow":["GET"]}}],"collection":[{"href":"https:\/\/ours.pt\/pt-pt\/wp-json\/wp\/v2\/pages"}],"about":[{"href":"https:\/\/ours.pt\/pt-pt\/wp-json\/wp\/v2\/types\/page"}],"author":[{"embeddable":true,"href":"https:\/\/ours.pt\/pt-pt\/wp-json\/wp\/v2\/users\/4"}],"replies":[{"embeddable":true,"href":"https:\/\/ours.pt\/pt-pt\/wp-json\/wp\/v2\/comments?post=4221"}],"version-history":[{"count":3,"href":"https:\/\/ours.pt\/pt-pt\/wp-json\/wp\/v2\/pages\/4221\/revisions"}],"predecessor-version":[{"id":30094,"href":"https:\/\/ours.pt\/pt-pt\/wp-json\/wp\/v2\/pages\/4221\/revisions\/30094"}],"wp:attachment":[{"href":"https:\/\/ours.pt\/pt-pt\/wp-json\/wp\/v2\/media?parent=4221"}],"curies":[{"name":"wp","href":"https:\/\/api.w.org\/{rel}","templated":true}]}}