{"id":4220,"date":"2023-02-16T18:51:12","date_gmt":"2023-02-16T18:51:12","guid":{"rendered":"http:\/\/ours.pt\/about-us\/"},"modified":"2026-04-17T11:18:43","modified_gmt":"2026-04-17T11:18:43","slug":"team","status":"publish","type":"page","link":"https:\/\/ours.pt\/fr\/team\/","title":{"rendered":"Team"},"content":{"rendered":"","protected":false},"excerpt":{"rendered":"","protected":false},"author":4,"featured_media":0,"parent":0,"menu_order":7,"comment_status":"closed","ping_status":"closed","template":"100-width.php","meta":{"_acf_changed":false,"_seopress_robots_primary_cat":"","_seopress_titles_title":"OURS TEAM \u2013 Qui nous sommes \u00b7 OURS.pt","_seopress_titles_desc":"Une \u00e9quipe cr\u00e9ative experte en communication efficace, am\u00e9liorant les r\u00e9sultats et b\u00e2tissant des relations solides autour des projets. OURS.pt \u00b7 Aveiro, Portugal","_seopress_robots_index":"","inline_featured_image":false,"footnotes":""},"class_list":["post-4220","page","type-page","status-publish","hentry"],"acf":[],"_links":{"self":[{"href":"https:\/\/ours.pt\/fr\/wp-json\/wp\/v2\/pages\/4220","targetHints":{"allow":["GET"]}}],"collection":[{"href":"https:\/\/ours.pt\/fr\/wp-json\/wp\/v2\/pages"}],"about":[{"href":"https:\/\/ours.pt\/fr\/wp-json\/wp\/v2\/types\/page"}],"author":[{"embeddable":true,"href":"https:\/\/ours.pt\/fr\/wp-json\/wp\/v2\/users\/4"}],"replies":[{"embeddable":true,"href":"https:\/\/ours.pt\/fr\/wp-json\/wp\/v2\/comments?post=4220"}],"version-history":[{"count":3,"href":"https:\/\/ours.pt\/fr\/wp-json\/wp\/v2\/pages\/4220\/revisions"}],"predecessor-version":[{"id":30095,"href":"https:\/\/ours.pt\/fr\/wp-json\/wp\/v2\/pages\/4220\/revisions\/30095"}],"wp:attachment":[{"href":"https:\/\/ours.pt\/fr\/wp-json\/wp\/v2\/media?parent=4220"}],"curies":[{"name":"wp","href":"https:\/\/api.w.org\/{rel}","templated":true}]}}